{"id":53657,"date":"2017-03-02T20:03:41","date_gmt":"2017-03-02T20:03:41","guid":{"rendered":"https:\/\/esta-authorization.us\/wp\/blog"},"modified":"2018-12-06T19:09:57","modified_gmt":"2018-12-06T19:09:57","slug":"blog","status":"publish","type":"page","link":"https:\/\/esta-authorization.us\/wp\/es\/blog","title":{"rendered":"Blog"},"content":{"rendered":"<div class=\"wpb-content-wrapper\"><p>[vc_row el_id=\u00bbblog-page\u00bb][vc_column]<section id=\"blog-69ef55d65c132\" class=\"p0\"><div class=\"container\"><div class=\"row\"><div id=\"main-content\" class=\"col-md-9 mb-xs-24\"><div class=\"post-wrap mb64 \">\n\t<div class=\"inner-wrap border-none p0\">\n\t\t<div class=\"inner-left\">\n\t\t\t<div class=\"day\">26<\/div>\n\t\t\t<div class=\"month\">Nov<\/div>\n\t\t<\/div>\n\t\t<div class=\"inner-right\">\n\t\t    <div class=\"post-title\">\n    <h4><a class=\"link-dark-title entry-title\" href=\"https:\/\/esta-authorization.us\/wp\/es\/visitando-america-del-norte-que-permisos-de-viaje-en-linea-se-necesitan\">Visitando Am\u00e9rica del Norte: qu\u00e9 permisos de viaje en l\u00ednea se necesitan?<\/a><\/h4><\/div>\n<div class=\"entry-meta mt8 mb16 p0\">\n\t<span class=\"inline-block hide updated\"><i class=\"ti-timer\"><\/i>26 de noviembre de 2018<\/span>\n\t<span class=\"inline-block author\"><i class=\"ti-user\"><\/i><span>by<\/span><a href=\"https:\/\/esta-authorization.us\/wp\/es\/author\/giovanni\" title=\"Entradas de Application ESTA\" rel=\"author\">Application ESTA<\/a><\/span>\n\t\t\t<span class=\"inline-block\"><i class=\"ti-folder\"><\/i><span>in<\/span><a href=\"https:\/\/esta-authorization.us\/wp\/es\/category\/sin-categorizar\" rel=\"category tag\">Sin categorizar<\/a><\/span>\n\t\t<\/div><a href=\"https:\/\/esta-authorization.us\/wp\/es\/visitando-america-del-norte-que-permisos-de-viaje-en-linea-se-necesitan\">\r\n<img loading=\"lazy\" decoding=\"async\" width=\"1024\" height=\"682\" src=\"https:\/\/esta-authorization.us\/wp\/wp-content\/uploads\/2018\/11\/Visiting-the-North-America-1024x682.jpg\" class=\"mb16 wp-post-image\" alt=\"\" srcset=\"https:\/\/esta-authorization.us\/wp\/wp-content\/uploads\/2018\/11\/Visiting-the-North-America-1024x682.jpg 1024w, https:\/\/esta-authorization.us\/wp\/wp-content\/uploads\/2018\/11\/Visiting-the-North-America-400x267.jpg 400w, https:\/\/esta-authorization.us\/wp\/wp-content\/uploads\/2018\/11\/Visiting-the-North-America-768x512.jpg 768w, https:\/\/esta-authorization.us\/wp\/wp-content\/uploads\/2018\/11\/Visiting-the-North-America-600x400.jpg 600w, https:\/\/esta-authorization.us\/wp\/wp-content\/uploads\/2018\/11\/Visiting-the-North-America.jpg 1280w\" sizes=\"auto, (max-width: 1024px) 100vw, 1024px\" \/><\/a>\r\n<p>Tercera m\u00e1s grande del continente del mundo, Am\u00e9rica del Norte atrae a millones de turistas cada&#8230;<\/p>\n\t\t\t<div class=\"overflow-hidden\">\n\t\t\t\t<div class=\"pull-left\">\n\t\t\t\t\t<span class=\"read-more\"><a href=\"https:\/\/esta-authorization.us\/wp\/es\/visitando-america-del-norte-que-permisos-de-viaje-en-linea-se-necesitan\"><span data-hover=\"Read More\">Read More<\/span><\/a><\/span>\n\t\t\t\t<\/div>\n\t\t\t\t<div class=\"pull-right\">\n\t\t\t\t\t\t        <div class=\"tlg-likes-button inline-block tlg-likes-normal\">\n\t        \t<a href=\"#\" class=\"tlg-likes\" id=\"tlg-likes-53445\" title=\"\">\n\t        \t\t<i class=\"ti-heart\"><\/i><span class=\"like-share-name\">0<span> like<\/span><\/span>\t        \t<\/a>\n\t        <\/div>\n\t        \t\t\t\t<\/div>\n\t\t\t<\/div>\n\t\t<\/div>\n\t<\/div>\n<\/div><div class=\"post-wrap mb64 \">\n\t<div class=\"inner-wrap border-none p0\">\n\t\t<div class=\"inner-left\">\n\t\t\t<div class=\"day\">26<\/div>\n\t\t\t<div class=\"month\">Nov<\/div>\n\t\t<\/div>\n\t\t<div class=\"inner-right\">\n\t\t    <div class=\"post-title\">\n    <h4><a class=\"link-dark-title entry-title\" href=\"https:\/\/esta-authorization.us\/wp\/es\/viajando-con-un-esta-que-esperar-en-el-aeropuerto\">Viajando con un ESTA &#8211; Qu\u00e9 esperar en el aeropuerto<\/a><\/h4><\/div>\n<div class=\"entry-meta mt8 mb16 p0\">\n\t<span class=\"inline-block hide updated\"><i class=\"ti-timer\"><\/i>26 de noviembre de 2018<\/span>\n\t<span class=\"inline-block author\"><i class=\"ti-user\"><\/i><span>by<\/span><a href=\"https:\/\/esta-authorization.us\/wp\/es\/author\/giovanni\" title=\"Entradas de Application ESTA\" rel=\"author\">Application ESTA<\/a><\/span>\n\t\t\t<span class=\"inline-block\"><i class=\"ti-folder\"><\/i><span>in<\/span><a href=\"https:\/\/esta-authorization.us\/wp\/es\/category\/sin-categorizar\" rel=\"category tag\">Sin categorizar<\/a><\/span>\n\t\t<\/div><a href=\"https:\/\/esta-authorization.us\/wp\/es\/viajando-con-un-esta-que-esperar-en-el-aeropuerto\">\r\n<img loading=\"lazy\" decoding=\"async\" width=\"1024\" height=\"657\" src=\"https:\/\/esta-authorization.us\/wp\/wp-content\/uploads\/2018\/11\/Travelling-with-ESTA-1024x657.jpg\" class=\"mb16 wp-post-image\" alt=\"\" srcset=\"https:\/\/esta-authorization.us\/wp\/wp-content\/uploads\/2018\/11\/Travelling-with-ESTA-1024x657.jpg 1024w, https:\/\/esta-authorization.us\/wp\/wp-content\/uploads\/2018\/11\/Travelling-with-ESTA-400x257.jpg 400w, https:\/\/esta-authorization.us\/wp\/wp-content\/uploads\/2018\/11\/Travelling-with-ESTA-768x493.jpg 768w, https:\/\/esta-authorization.us\/wp\/wp-content\/uploads\/2018\/11\/Travelling-with-ESTA.jpg 1280w\" sizes=\"auto, (max-width: 1024px) 100vw, 1024px\" \/><\/a>\r\n<p>Las reglas para viajar e inmigrar a pa\u00edses espec\u00edficos cambian a lo largo de los a\u00f1os&#8230;<\/p>\n\t\t\t<div class=\"overflow-hidden\">\n\t\t\t\t<div class=\"pull-left\">\n\t\t\t\t\t<span class=\"read-more\"><a href=\"https:\/\/esta-authorization.us\/wp\/es\/viajando-con-un-esta-que-esperar-en-el-aeropuerto\"><span data-hover=\"Read More\">Read More<\/span><\/a><\/span>\n\t\t\t\t<\/div>\n\t\t\t\t<div class=\"pull-right\">\n\t\t\t\t\t\t        <div class=\"tlg-likes-button inline-block tlg-likes-normal\">\n\t        \t<a href=\"#\" class=\"tlg-likes\" id=\"tlg-likes-53441\" title=\"\">\n\t        \t\t<i class=\"ti-heart\"><\/i><span class=\"like-share-name\">0<span> like<\/span><\/span>\t        \t<\/a>\n\t        <\/div>\n\t        \t\t\t\t<\/div>\n\t\t\t<\/div>\n\t\t<\/div>\n\t<\/div>\n<\/div><div class=\"row\"><\/div><\/div><div id=\"sidebar\" class=\"col-md-3 hidden-sm-xs bg-secondary\">\n\t\n\t\t<div id=\"recent-posts-2\" class=\"widget widget_recent_entries\">\n\t\t<h6 class=\"title\">Post<\/h6>\n\t\t<ul>\n\t\t\t\t\t\t\t\t\t\t\t<li>\n\t\t\t\t\t<a href=\"https:\/\/esta-authorization.us\/wp\/es\/visitando-america-del-norte-que-permisos-de-viaje-en-linea-se-necesitan\">Visitando Am\u00e9rica del Norte: qu\u00e9 permisos de viaje en l\u00ednea se necesitan?<\/a>\n\t\t\t\t\t\t\t\t\t<\/li>\n\t\t\t\t\t\t\t\t\t\t\t<li>\n\t\t\t\t\t<a href=\"https:\/\/esta-authorization.us\/wp\/es\/viajando-con-un-esta-que-esperar-en-el-aeropuerto\">Viajando con un ESTA &#8211; Qu\u00e9 esperar en el aeropuerto<\/a>\n\t\t\t\t\t\t\t\t\t<\/li>\n\t\t\t\t\t<\/ul>\n\n\t\t<\/div><\/div><\/div><\/div><\/section>[\/vc_column][\/vc_row]<\/p>\n<\/div>","protected":false},"excerpt":{"rendered":"<p>[vc_row el_id=\u00bbblog-page\u00bb][vc_column][\/vc_column][\/vc_row]<\/p>\n","protected":false},"author":1,"featured_media":53282,"parent":0,"menu_order":0,"comment_status":"closed","ping_status":"closed","template":"","meta":{"footnotes":""},"class_list":["post-53657","page","type-page","status-publish","has-post-thumbnail","hentry"],"_links":{"self":[{"href":"https:\/\/esta-authorization.us\/wp\/es\/wp-json\/wp\/v2\/pages\/53657","targetHints":{"allow":["GET"]}}],"collection":[{"href":"https:\/\/esta-authorization.us\/wp\/es\/wp-json\/wp\/v2\/pages"}],"about":[{"href":"https:\/\/esta-authorization.us\/wp\/es\/wp-json\/wp\/v2\/types\/page"}],"author":[{"embeddable":true,"href":"https:\/\/esta-authorization.us\/wp\/es\/wp-json\/wp\/v2\/users\/1"}],"replies":[{"embeddable":true,"href":"https:\/\/esta-authorization.us\/wp\/es\/wp-json\/wp\/v2\/comments?post=53657"}],"version-history":[{"count":1,"href":"https:\/\/esta-authorization.us\/wp\/es\/wp-json\/wp\/v2\/pages\/53657\/revisions"}],"predecessor-version":[{"id":53659,"href":"https:\/\/esta-authorization.us\/wp\/es\/wp-json\/wp\/v2\/pages\/53657\/revisions\/53659"}],"wp:featuredmedia":[{"embeddable":true,"href":"https:\/\/esta-authorization.us\/wp\/es\/wp-json\/wp\/v2\/media\/53282"}],"wp:attachment":[{"href":"https:\/\/esta-authorization.us\/wp\/es\/wp-json\/wp\/v2\/media?parent=53657"}],"curies":[{"name":"wp","href":"https:\/\/api.w.org\/{rel}","templated":true}]}}